{"id":84,"date":"2024-06-12T17:16:37","date_gmt":"2024-06-12T17:16:37","guid":{"rendered":"https:\/\/www.parturikampaamoarella.fi\/?page_id=84"},"modified":"2025-09-01T13:39:47","modified_gmt":"2025-09-01T13:39:47","slug":"arellan-tiimi","status":"publish","type":"page","link":"https:\/\/www.parturikampaamoarella.fi\/index.php\/arellan-tiimi\/","title":{"rendered":"Arellan tiimi"},"content":{"rendered":"\t\t<div data-elementor-type=\"wp-page\" data-elementor-id=\"84\" class=\"elementor elementor-84\">\n\t\t\t\t<div class=\"elementor-element elementor-element-58d41ad e-con-full e-flex e-con e-parent\" data-id=\"58d41ad\" data-element_type=\"container\" data-e-type=\"container\" data-settings=\"{&quot;background_background&quot;:&quot;classic&quot;}\">\n\t\t\t\t<div class=\"elementor-element elementor-element-ef9b50b elementor-widget elementor-widget-spacer\" data-id=\"ef9b50b\" data-element_type=\"widget\" data-e-type=\"widget\" data-widget_type=\"spacer.default\">\n\t\t\t\t<div class=\"elementor-widget-container\">\n\t\t\t\t\t\t\t<div class=\"elementor-spacer\">\n\t\t\t<div class=\"elementor-spacer-inner\"><\/div>\n\t\t<\/div>\n\t\t\t\t\t\t<\/div>\n\t\t\t\t<\/div>\n\t\t\t\t<div class=\"elementor-element elementor-element-e09cd15 elementor-widget elementor-widget-heading\" data-id=\"e09cd15\" data-element_type=\"widget\" data-e-type=\"widget\" data-widget_type=\"heading.default\">\n\t\t\t\t<div class=\"elementor-widget-container\">\n\t\t\t\t\t<h2 class=\"elementor-heading-title elementor-size-default\">Susku ja Janita<\/h2>\t\t\t\t<\/div>\n\t\t\t\t<\/div>\n\t\t\t\t<div class=\"elementor-element elementor-element-3962ac3 elementor-widget elementor-widget-spacer\" data-id=\"3962ac3\" data-element_type=\"widget\" data-e-type=\"widget\" data-widget_type=\"spacer.default\">\n\t\t\t\t<div class=\"elementor-widget-container\">\n\t\t\t\t\t\t\t<div class=\"elementor-spacer\">\n\t\t\t<div class=\"elementor-spacer-inner\"><\/div>\n\t\t<\/div>\n\t\t\t\t\t\t<\/div>\n\t\t\t\t<\/div>\n\t\t\t\t<\/div>\n\t\t<div class=\"elementor-element elementor-element-533504a e-flex e-con-boxed e-con e-parent\" data-id=\"533504a\" data-element_type=\"container\" data-e-type=\"container\">\n\t\t\t\t\t<div class=\"e-con-inner\">\n\t\t<div class=\"elementor-element elementor-element-e8cebbb e-con-full e-flex e-con e-child\" data-id=\"e8cebbb\" data-element_type=\"container\" data-e-type=\"container\">\n\t\t\t\t<div class=\"elementor-element elementor-element-0b125ab elementor-widget elementor-widget-text-editor\" data-id=\"0b125ab\" data-element_type=\"widget\" data-e-type=\"widget\" data-widget_type=\"text-editor.default\">\n\t\t\t\t<div class=\"elementor-widget-container\">\n\t\t\t\t\t\t\t\t\t<p>Me ollaan Janita ja Susku, Arellan perustajat ja omistajat. T\u00f6iss\u00e4 meid\u00e4n kanssa hy\u00f6rii kampaamokoira Kiwi eli Kiivi. Ollaan tutustuttu Valkeakosken ammattiopistossa syksyll\u00e4 2019, kun p\u00e4\u00e4dyttiin samalle luokalle opiskelemaan parturi-kampaajiksi. Janita oli p\u00e4\u00e4tt\u00e4nyt juuri peruskoulun ja Susku oli p\u00e4\u00e4tt\u00e4nyt kouluttautua uudelleen.<\/p><p>Matkustettiin usein kouluun Tampereelta yhdess\u00e4 ja meist\u00e4 tuli nopeasti yst\u00e4v\u00e4t. Korona-ajat sai koulun k\u00e4ynnin rakoilemaan, mutta meid\u00e4n yhteydenpito jatkui ja rajoituksista huolimatta tehtiin kouluhommia yhdess\u00e4 ja muutenkin yritettiin selviyty\u00e4 sen hetkisest\u00e4 el\u00e4m\u00e4st\u00e4 osittain toistemme tukemina.<\/p>\t\t\t\t\t\t\t\t<\/div>\n\t\t\t\t<\/div>\n\t\t\t\t<\/div>\n\t\t<div class=\"elementor-element elementor-element-d0eaf2d e-con-full e-flex e-con e-child\" data-id=\"d0eaf2d\" data-element_type=\"container\" data-e-type=\"container\">\n\t\t\t\t<div class=\"elementor-element elementor-element-71d172a elementor-widget elementor-widget-image\" data-id=\"71d172a\" data-element_type=\"widget\" data-e-type=\"widget\" data-widget_type=\"image.default\">\n\t\t\t\t<div class=\"elementor-widget-container\">\n\t\t\t\t\t\t\t\t\t\t\t\t\t\t\t<img fetchpriority=\"high\" decoding=\"async\" width=\"682\" height=\"1024\" src=\"https:\/\/www.parturikampaamoarella.fi\/wp-content\/uploads\/2025\/02\/IMG_5140-682x1024.jpeg\" class=\"attachment-large size-large wp-image-601\" alt=\"\" srcset=\"https:\/\/www.parturikampaamoarella.fi\/wp-content\/uploads\/2025\/02\/IMG_5140-682x1024.jpeg 682w, https:\/\/www.parturikampaamoarella.fi\/wp-content\/uploads\/2025\/02\/IMG_5140-200x300.jpeg 200w, https:\/\/www.parturikampaamoarella.fi\/wp-content\/uploads\/2025\/02\/IMG_5140-768x1152.jpeg 768w, https:\/\/www.parturikampaamoarella.fi\/wp-content\/uploads\/2025\/02\/IMG_5140.jpeg 933w\" sizes=\"(max-width: 682px) 100vw, 682px\" \/>\t\t\t\t\t\t\t\t\t\t\t\t\t\t\t<\/div>\n\t\t\t\t<\/div>\n\t\t\t\t<\/div>\n\t\t\t\t\t<\/div>\n\t\t\t\t<\/div>\n\t\t<div class=\"elementor-element elementor-element-7d15467 e-flex e-con-boxed e-con e-parent\" data-id=\"7d15467\" data-element_type=\"container\" data-e-type=\"container\">\n\t\t\t\t\t<div class=\"e-con-inner\">\n\t\t<div class=\"elementor-element elementor-element-003bcfc e-con-full e-flex e-con e-child\" data-id=\"003bcfc\" data-element_type=\"container\" data-e-type=\"container\">\n\t\t\t\t<div class=\"elementor-element elementor-element-0827d48 elementor-widget elementor-widget-text-editor\" data-id=\"0827d48\" data-element_type=\"widget\" data-e-type=\"widget\" data-widget_type=\"text-editor.default\">\n\t\t\t\t<div class=\"elementor-widget-container\">\n\t\t\t\t\t\t\t\t\t<p>2021 p\u00e4\u00e4dyimme samaan harjoittelupaikkaan, josta Susku valmistui syksyll\u00e4 2021 ja Janita kev\u00e4\u00e4ll\u00e4 2022. J\u00e4imme molemmat yritt\u00e4jiksi ym. kauneushoitolaan ja meist\u00e4 tuli taas tiiviimpi kaksikko.\u00a0<\/p><p>Susku oli jo pitk\u00e4\u00e4n haaveillut omasta kampaamosta ja syksyll\u00e4 2023 alkoi todellinen ty\u00f6 sen eteen. Oman liikkeen perustaminen alkoi konkretisoitua. Janita hypp\u00e4si mukaan v\u00e4h\u00e4n my\u00f6hemmin ja huomattiin tosi nopeasti, ett\u00e4 meid\u00e4n ajatukset on tosi samankaltaiset oman yrityksen perustamisesta. Matka parturi-kampaamon perustamiseen ei ollut helppo, mutta t\u00e4ss\u00e4 sit\u00e4 nyt ollaan. Arellan ovet avautuivat 1.5.2024 ja meist\u00e4 tuli sen my\u00f6t\u00e4 ihan oman parturi-kampaamon omistajat!<\/p>\t\t\t\t\t\t\t\t<\/div>\n\t\t\t\t<\/div>\n\t\t\t\t<\/div>\n\t\t<div class=\"elementor-element elementor-element-afc881a e-con-full e-flex e-con e-child\" data-id=\"afc881a\" data-element_type=\"container\" data-e-type=\"container\">\n\t\t\t\t<div class=\"elementor-element elementor-element-0a7cfbf elementor-widget elementor-widget-image\" data-id=\"0a7cfbf\" data-element_type=\"widget\" data-e-type=\"widget\" data-widget_type=\"image.default\">\n\t\t\t\t<div class=\"elementor-widget-container\">\n\t\t\t\t\t\t\t\t\t\t\t\t\t\t\t<img decoding=\"async\" width=\"683\" height=\"1024\" src=\"https:\/\/www.parturikampaamoarella.fi\/wp-content\/uploads\/2025\/02\/arellabrandikuvat-134-683x1024.jpg\" class=\"attachment-large size-large wp-image-571\" alt=\"\" srcset=\"https:\/\/www.parturikampaamoarella.fi\/wp-content\/uploads\/2025\/02\/arellabrandikuvat-134-683x1024.jpg 683w, https:\/\/www.parturikampaamoarella.fi\/wp-content\/uploads\/2025\/02\/arellabrandikuvat-134-200x300.jpg 200w, https:\/\/www.parturikampaamoarella.fi\/wp-content\/uploads\/2025\/02\/arellabrandikuvat-134-768x1152.jpg 768w, https:\/\/www.parturikampaamoarella.fi\/wp-content\/uploads\/2025\/02\/arellabrandikuvat-134-1024x1536.jpg 1024w, https:\/\/www.parturikampaamoarella.fi\/wp-content\/uploads\/2025\/02\/arellabrandikuvat-134-1366x2048.jpg 1366w, https:\/\/www.parturikampaamoarella.fi\/wp-content\/uploads\/2025\/02\/arellabrandikuvat-134.jpg 1667w\" sizes=\"(max-width: 683px) 100vw, 683px\" \/>\t\t\t\t\t\t\t\t\t\t\t\t\t\t\t<\/div>\n\t\t\t\t<\/div>\n\t\t\t\t<\/div>\n\t\t\t\t\t<\/div>\n\t\t\t\t<\/div>\n\t\t<div class=\"elementor-element elementor-element-ba32a5e e-flex e-con-boxed e-con e-parent\" data-id=\"ba32a5e\" data-element_type=\"container\" data-e-type=\"container\">\n\t\t\t\t\t<div class=\"e-con-inner\">\n\t\t\t\t<div class=\"elementor-element elementor-element-4a6dd93 elementor-widget elementor-widget-text-editor\" data-id=\"4a6dd93\" data-element_type=\"widget\" data-e-type=\"widget\" data-widget_type=\"text-editor.default\">\n\t\t\t\t<div class=\"elementor-widget-container\">\n\t\t\t\t\t\t\t\t\t<p>Meid\u00e4n sivuston kuvat Janitasta, Suskusta ja liikkeest\u00e4 on ottanut ihana Henniina Visuals @henniinavisuals.&lt;3<\/p>\t\t\t\t\t\t\t\t<\/div>\n\t\t\t\t<\/div>\n\t\t\t\t<div class=\"elementor-element elementor-element-a5051ac elementor-arrows-position-inside elementor-pagination-position-outside elementor-widget elementor-widget-image-carousel\" data-id=\"a5051ac\" data-element_type=\"widget\" data-e-type=\"widget\" data-settings=\"{&quot;navigation&quot;:&quot;both&quot;,&quot;autoplay&quot;:&quot;yes&quot;,&quot;pause_on_hover&quot;:&quot;yes&quot;,&quot;pause_on_interaction&quot;:&quot;yes&quot;,&quot;autoplay_speed&quot;:5000,&quot;infinite&quot;:&quot;yes&quot;,&quot;speed&quot;:500}\" data-widget_type=\"image-carousel.default\">\n\t\t\t\t<div class=\"elementor-widget-container\">\n\t\t\t\t\t\t\t<div class=\"elementor-image-carousel-wrapper swiper\" role=\"region\" aria-roledescription=\"carousel\" aria-label=\"Kuvakaruselli\" dir=\"ltr\">\n\t\t\t<div class=\"elementor-image-carousel swiper-wrapper\" aria-live=\"off\">\n\t\t\t\t\t\t\t\t<div class=\"swiper-slide\" role=\"group\" aria-roledescription=\"slide\" aria-label=\"1 of 5\"><figure class=\"swiper-slide-inner\"><img decoding=\"async\" class=\"swiper-slide-image\" src=\"https:\/\/www.parturikampaamoarella.fi\/wp-content\/uploads\/2024\/07\/arellabrandikuvat-183-683x1024.jpg\" alt=\"Arella \/Br\u00e4ndikuvat\" \/><\/figure><\/div><div class=\"swiper-slide\" role=\"group\" aria-roledescription=\"slide\" aria-label=\"2 of 5\"><figure class=\"swiper-slide-inner\"><img decoding=\"async\" class=\"swiper-slide-image\" src=\"https:\/\/www.parturikampaamoarella.fi\/wp-content\/uploads\/2024\/06\/IMG_5138-683x1024.jpeg\" alt=\"IMG_5138\" \/><\/figure><\/div><div class=\"swiper-slide\" role=\"group\" aria-roledescription=\"slide\" aria-label=\"3 of 5\"><figure class=\"swiper-slide-inner\"><img decoding=\"async\" class=\"swiper-slide-image\" src=\"https:\/\/www.parturikampaamoarella.fi\/wp-content\/uploads\/2024\/06\/IMG_5139-683x1024.jpeg\" alt=\"IMG_5139\" \/><\/figure><\/div><div class=\"swiper-slide\" role=\"group\" aria-roledescription=\"slide\" aria-label=\"4 of 5\"><figure class=\"swiper-slide-inner\"><img decoding=\"async\" class=\"swiper-slide-image\" src=\"https:\/\/www.parturikampaamoarella.fi\/wp-content\/uploads\/2025\/02\/IMG_5135-683x1024.jpeg\" alt=\"IMG_5135\" \/><\/figure><\/div><div class=\"swiper-slide\" role=\"group\" aria-roledescription=\"slide\" aria-label=\"5 of 5\"><figure class=\"swiper-slide-inner\"><img decoding=\"async\" class=\"swiper-slide-image\" src=\"https:\/\/www.parturikampaamoarella.fi\/wp-content\/uploads\/2025\/02\/arellabrandikuvat-196-683x1024.jpg\" alt=\"Arella \/Br\u00e4ndikuvat\" \/><\/figure><\/div>\t\t\t<\/div>\n\t\t\t\t\t\t\t\t\t\t\t\t<div class=\"elementor-swiper-button elementor-swiper-button-prev\" role=\"button\" tabindex=\"0\">\n\t\t\t\t\t\t<svg aria-hidden=\"true\" class=\"e-font-icon-svg e-eicon-chevron-left\" viewBox=\"0 0 1000 1000\" xmlns=\"http:\/\/www.w3.org\/2000\/svg\"><path d=\"M646 125C629 125 613 133 604 142L308 442C296 454 292 471 292 487 292 504 296 521 308 533L604 854C617 867 629 875 646 875 663 875 679 871 692 858 704 846 713 829 713 812 713 796 708 779 692 767L438 487 692 225C700 217 708 204 708 187 708 171 704 154 692 142 675 129 663 125 646 125Z\"><\/path><\/svg>\t\t\t\t\t<\/div>\n\t\t\t\t\t<div class=\"elementor-swiper-button elementor-swiper-button-next\" role=\"button\" tabindex=\"0\">\n\t\t\t\t\t\t<svg aria-hidden=\"true\" class=\"e-font-icon-svg e-eicon-chevron-right\" viewBox=\"0 0 1000 1000\" xmlns=\"http:\/\/www.w3.org\/2000\/svg\"><path d=\"M696 533C708 521 713 504 713 487 713 471 708 454 696 446L400 146C388 133 375 125 354 125 338 125 325 129 313 142 300 154 292 171 292 187 292 204 296 221 308 233L563 492 304 771C292 783 288 800 288 817 288 833 296 850 308 863 321 871 338 875 354 875 371 875 388 867 400 854L696 533Z\"><\/path><\/svg>\t\t\t\t\t<\/div>\n\t\t\t\t\n\t\t\t\t\t\t\t\t\t<div class=\"swiper-pagination\"><\/div>\n\t\t\t\t\t\t\t\t\t<\/div>\n\t\t\t\t\t\t<\/div>\n\t\t\t\t<\/div>\n\t\t\t\t\t<\/div>\n\t\t\t\t<\/div>\n\t\t\t\t<\/div>\n\t\t","protected":false},"excerpt":{"rendered":"<p>Susku ja Janita Me ollaan Janita ja Susku, Arellan perustajat ja omistajat. T\u00f6iss\u00e4 meid\u00e4n kanssa hy\u00f6rii kampaamokoira Kiwi eli Kiivi. Ollaan tutustuttu Valkeakosken ammattiopistossa syksyll\u00e4 2019, kun p\u00e4\u00e4dyttiin samalle luokalle opiskelemaan parturi-kampaajiksi. Janita oli p\u00e4\u00e4tt\u00e4nyt juuri peruskoulun ja Susku oli p\u00e4\u00e4tt\u00e4nyt kouluttautua uudelleen. Matkustettiin usein kouluun Tampereelta yhdess\u00e4 ja meist\u00e4 tuli nopeasti yst\u00e4v\u00e4t. Korona-ajat sai [&hellip;]<\/p>\n","protected":false},"author":1,"featured_media":0,"parent":0,"menu_order":0,"comment_status":"closed","ping_status":"closed","template":"elementor_header_footer","meta":{"footnotes":""},"class_list":["post-84","page","type-page","status-publish","hentry","entry"],"_links":{"self":[{"href":"https:\/\/www.parturikampaamoarella.fi\/index.php\/wp-json\/wp\/v2\/pages\/84","targetHints":{"allow":["GET"]}}],"collection":[{"href":"https:\/\/www.parturikampaamoarella.fi\/index.php\/wp-json\/wp\/v2\/pages"}],"about":[{"href":"https:\/\/www.parturikampaamoarella.fi\/index.php\/wp-json\/wp\/v2\/types\/page"}],"author":[{"embeddable":true,"href":"https:\/\/www.parturikampaamoarella.fi\/index.php\/wp-json\/wp\/v2\/users\/1"}],"replies":[{"embeddable":true,"href":"https:\/\/www.parturikampaamoarella.fi\/index.php\/wp-json\/wp\/v2\/comments?post=84"}],"version-history":[{"count":77,"href":"https:\/\/www.parturikampaamoarella.fi\/index.php\/wp-json\/wp\/v2\/pages\/84\/revisions"}],"predecessor-version":[{"id":1167,"href":"https:\/\/www.parturikampaamoarella.fi\/index.php\/wp-json\/wp\/v2\/pages\/84\/revisions\/1167"}],"wp:attachment":[{"href":"https:\/\/www.parturikampaamoarella.fi\/index.php\/wp-json\/wp\/v2\/media?parent=84"}],"curies":[{"name":"wp","href":"https:\/\/api.w.org\/{rel}","templated":true}]}}